{"id":267,"date":"2024-11-26T14:20:30","date_gmt":"2024-11-26T14:20:30","guid":{"rendered":"https:\/\/ilpomodoro.es\/?page_id=267"},"modified":"2024-11-26T14:34:55","modified_gmt":"2024-11-26T14:34:55","slug":"nuestra-historia","status":"publish","type":"page","link":"https:\/\/ilpomodoro.es\/en\/nuestra-historia\/","title":{"rendered":"Nuestra historia"},"content":{"rendered":"<p>[et_pb_section fb_built=\u00bb1&#8243; _builder_version=\u00bb4.27.0&#8243; _module_preset=\u00bbdefault\u00bb background_color=\u00bbrgba(183,37,52,0.93)\u00bb background_enable_image=\u00bboff\u00bb background_blend=\u00bbmultiply\u00bb hover_enabled=\u00bb0&#8243; locked=\u00bboff\u00bb global_colors_info=\u00bb{}\u00bb theme_builder_area=\u00bbpost_content\u00bb sticky_enabled=\u00bb0&#8243;][et_pb_row _builder_version=\u00bb4.27.0&#8243; _module_preset=\u00bbdefault\u00bb custom_padding=\u00bb0px||0px||false|false\u00bb hover_enabled=\u00bb0&#8243; global_colors_info=\u00bb{}\u00bb theme_builder_area=\u00bbpost_content\u00bb sticky_enabled=\u00bb0&#8243;][et_pb_column type=\u00bb4_4&#8243; _builder_version=\u00bb4.27.0&#8243; _module_preset=\u00bbdefault\u00bb global_colors_info=\u00bb{}\u00bb theme_builder_area=\u00bbpost_content\u00bb][et_pb_text _builder_version=\u00bb4.27.0&#8243; _module_preset=\u00bbdefault\u00bb text_font=\u00bb&#8211;et_global_heading_font||||||||\u00bb text_text_color=\u00bb#FFFFFF\u00bb text_font_size=\u00bb45px\u00bb hover_enabled=\u00bb0&#8243; global_colors_info=\u00bb{}\u00bb theme_builder_area=\u00bbpost_content\u00bb sticky_enabled=\u00bb0&#8243; text_line_height=\u00bb1.1em\u00bb text_orientation_last_edited=\u00bbon|phone\u00bb text_orientation_phone=\u00bbcenter\u00bb]<\/p>\n<p>Nuestra historia<\/p>\n<p>[\/et_pb_text][\/et_pb_column][\/et_pb_row][\/et_pb_section][et_pb_section fb_built=\u00bb1&#8243; theme_builder_area=\u00bbpost_content\u00bb specialty=\u00bbon\u00bb _builder_version=\u00bb4.27.0&#8243; _module_preset=\u00bbdefault\u00bb background_color=\u00bb#DCC4B1&#8243; background_enable_image=\u00bboff\u00bb hover_enabled=\u00bb0&#8243; sticky_enabled=\u00bb0&#8243; custom_padding=\u00bb||2px|||\u00bb background_blend=\u00bbmultiply\u00bb background_enable_pattern_style=\u00bbon\u00bb background_pattern_style=\u00bbcheckerboard\u00bb background_pattern_color=\u00bb#dbbfab\u00bb][et_pb_column type=\u00bb2_3&#8243; specialty_columns=\u00bb2&#8243; theme_builder_area=\u00bbpost_content\u00bb][et_pb_row_inner _builder_version=\u00bb4.27.0&#8243; _module_preset=\u00bbdefault\u00bb theme_builder_area=\u00bbpost_content\u00bb][et_pb_column_inner saved_specialty_column_type=\u00bb2_3&#8243; _builder_version=\u00bb4.27.0&#8243; _module_preset=\u00bbdefault\u00bb theme_builder_area=\u00bbpost_content\u00bb][et_pb_text _builder_version=\u00bb4.27.0&#8243; _module_preset=\u00bbdefault\u00bb theme_builder_area=\u00bbpost_content\u00bb hover_enabled=\u00bb0&#8243; sticky_enabled=\u00bb0&#8243;]<\/p>\n<p>En 2003, el joven ecuatoriano Ricardo encontr\u00f3 su destino culinario en Madrid, abriendo un peque\u00f1o restaurante italiano. A pesar de los desaf\u00edos iniciales, cada plato que creaba dejaba una marca en el paladar de Madrid, convirti\u00e9ndose en un artista culinario.<\/p>\n<p>En 2011, Ricardo forj\u00f3 una sociedad con su mentor italiano, dando vida a \u201cIl Pomo d\u00b4Oro\u201d. Lo que antes era un rinc\u00f3n en Madrid se transform\u00f3 en un oasis gastron\u00f3mico que celebraba la aut\u00e9ntica esencia de la cocina italiana.<\/p>\n<p>A medida que los a\u00f1os avanzaban, Ricardo se encontr\u00f3 solo en la cocina, pero esto marc\u00f3 un nuevo cap\u00edtulo. Su esposa, Dolly se uni\u00f3 a \u00e9l, convirti\u00e9ndose en una socia en esta traves\u00eda gastron\u00f3mica.<\/p>\n<p>La pasi\u00f3n de Ricardo por la cocina italiana se intensific\u00f3 con cada receta y t\u00e9cnica aprendida. Cada plato en \u201cIl Pomo d\u00b4Oro\u201d es el resultado de a\u00f1os de amor, dedicaci\u00f3n y aprendizaje continuo.<\/p>\n<p><strong>Hoy, Ricardo invita a todos a ser parte de esta historia de sabores. Su nueva propuesta gastron\u00f3mica es una sinfon\u00eda de ingredientes frescos, t\u00e9cnicas refinadas y el toque personal de un chef apasionado.<\/strong><\/p>\n<p>Ad\u00e9ntrate en \u201cIl Pomo d\u00b4Oro\u201d y d\u00e9jate llevar por la magia de la cocina italiana de Ricardo. En cada plato, encontrar\u00e1s no solo el sabor de Italia, sino tambi\u00e9n la historia emocional de un hombre cuyo amor por la cocina transciende fronteras.<\/p>\n<p>[\/et_pb_text][\/et_pb_column_inner][\/et_pb_row_inner][\/et_pb_column][et_pb_column type=\u00bb1_3&#8243; theme_builder_area=\u00bbpost_content\u00bb][et_pb_image src=\u00bbhttps:\/\/ilpomodoro.es\/wp-content\/uploads\/2024\/11\/305188824_760261258749120_2212808244988056272_n.jpg\u00bb _builder_version=\u00bb4.27.0&#8243; _module_preset=\u00bbdefault\u00bb theme_builder_area=\u00bbpost_content\u00bb title_text=\u00bb305188824_760261258749120_2212808244988056272_n\u00bb hover_enabled=\u00bb0&#8243; sticky_enabled=\u00bb0&#8243;][\/et_pb_image][\/et_pb_column][\/et_pb_section][et_pb_section fb_built=\u00bb1&#8243; _builder_version=\u00bb4.27.0&#8243; background_color=\u00bb#DCC4B1&#8243; background_enable_image=\u00bboff\u00bb custom_padding=\u00bb30px||30px||false|false\u00bb top_divider_color=\u00bb#7D2429&#8243; top_divider_height=\u00bb45px\u00bb top_divider_flip=\u00bbvertical\u00bb bottom_divider_flip=\u00bbvertical\u00bb hover_enabled=\u00bb0&#8243; locked=\u00bboff\u00bb global_colors_info=\u00bb{}\u00bb theme_builder_area=\u00bbpost_content\u00bb sticky_enabled=\u00bb0&#8243; background_blend=\u00bbmultiply\u00bb background_enable_pattern_style=\u00bbon\u00bb background_pattern_style=\u00bbcheckerboard\u00bb background_pattern_color=\u00bb#dbbfab\u00bb][et_pb_row use_custom_gutter=\u00bbon\u00bb gutter_width=\u00bb2&#8243; make_equal=\u00bbon\u00bb _builder_version=\u00bb4.27.0&#8243; width=\u00bb90%\u00bb width_tablet=\u00bb90%\u00bb width_phone=\u00bb90%\u00bb width_last_edited=\u00bbon|tablet\u00bb max_width=\u00bb1200px\u00bb max_width_tablet=\u00bb90%\u00bb max_width_phone=\u00bb90%\u00bb max_width_last_edited=\u00bbon|phone\u00bb custom_padding=\u00bb20px|20px|20px|20px|true|false\u00bb hover_enabled=\u00bb0&#8243; global_colors_info=\u00bb{}\u00bb column_structure=\u00bb1_2,1_2&#8243; theme_builder_area=\u00bbpost_content\u00bb sticky_enabled=\u00bb0&#8243; background_color=\u00bb#385141&#8243;][et_pb_column type=\u00bb1_2&#8243; _builder_version=\u00bb4.27.0&#8243; hover_enabled=\u00bb0&#8243; global_colors_info=\u00bb{}\u00bb theme_builder_area=\u00bbpost_content\u00bb custom_css_main_element=\u00bbmargin:auto\t\u00bb sticky_enabled=\u00bb0&#8243;][et_pb_text _builder_version=\u00bb4.27.0&#8243; _module_preset=\u00bbdefault\u00bb theme_builder_area=\u00bbpost_content\u00bb hover_enabled=\u00bb0&#8243; sticky_enabled=\u00bb0&#8243; header_3_text_color=\u00bb#FFFFFF\u00bb header_3_font_size=\u00bb35px\u00bb header_3_text_align=\u00bbcenter\u00bb]<\/p>\n<h3>\u00a1Bienvenidos a una experiencia culinaria \u00fanica en<\/h3>\n<p>[\/et_pb_text][et_pb_image src=\u00bbhttps:\/\/ilpomodoro.es\/wp-content\/uploads\/2024\/11\/Logo-blanco.png\u00bb _builder_version=\u00bb4.27.0&#8243; _module_preset=\u00bbdefault\u00bb theme_builder_area=\u00bbpost_content\u00bb title_text=\u00bbLogo-blanco\u00bb hover_enabled=\u00bb0&#8243; sticky_enabled=\u00bb0&#8243; align=\u00bbcenter\u00bb custom_margin=\u00bb||35px||false|false\u00bb custom_margin_last_edited=\u00bbon|desktop\u00bb custom_margin_tablet=\u00bb||35px||false|false\u00bb custom_margin_phone=\u00bb||35px||false|false\u00bb][\/et_pb_image][\/et_pb_column][et_pb_column type=\u00bb1_2&#8243; _builder_version=\u00bb4.27.0&#8243; hover_enabled=\u00bb0&#8243; global_colors_info=\u00bb{}\u00bb theme_builder_area=\u00bbpost_content\u00bb background_color=\u00bb#385141&#8243; sticky_enabled=\u00bb0&#8243; custom_css_main_element=\u00bbmargin:auto\u00bb][et_pb_image src=\u00bbhttps:\/\/ilpomodoro.es\/wp-content\/uploads\/2024\/11\/302422542_759674712141108_1965926233973216998_n.jpg\u00bb _builder_version=\u00bb4.27.0&#8243; _module_preset=\u00bbdefault\u00bb theme_builder_area=\u00bbpost_content\u00bb title_text=\u00bb302422542_759674712141108_1965926233973216998_n\u00bb hover_enabled=\u00bb0&#8243; sticky_enabled=\u00bb0&#8243;][\/et_pb_image][\/et_pb_column][\/et_pb_row][\/et_pb_section]<\/p>","protected":false},"excerpt":{"rendered":"<p>Nuestra historiaEn 2003, el joven ecuatoriano Ricardo encontr\u00f3 su destino culinario en Madrid, abriendo un peque\u00f1o restaurante italiano. A pesar de los desaf\u00edos iniciales, cada plato que creaba dejaba una marca en el paladar de Madrid, convirti\u00e9ndose en un artista culinario. En 2011, Ricardo forj\u00f3 una sociedad con su mentor italiano, dando vida a \u201cIl [&hellip;]<\/p>","protected":false},"author":2,"featured_media":0,"parent":0,"menu_order":0,"comment_status":"closed","ping_status":"closed","template":"","meta":{"_et_pb_use_builder":"on","_et_pb_old_content":"","_et_gb_content_width":"","footnotes":""},"class_list":["post-267","page","type-page","status-publish","hentry"],"yoast_head":"<!-- This site is optimized with the Yoast SEO plugin v24.0 - https:\/\/yoast.com\/wordpress\/plugins\/seo\/ -->\n<title>Nuestra historia - Il Pomo D&acute;oro<\/title>\n<meta name=\"robots\" content=\"index, follow, max-snippet:-1, max-image-preview:large, max-video-preview:-1\" \/>\n<link rel=\"canonical\" href=\"https:\/\/ilpomodoro.es\/en\/nuestra-historia\/\" \/>\n<meta property=\"og:locale\" content=\"en_GB\" \/>\n<meta property=\"og:type\" content=\"article\" \/>\n<meta property=\"og:title\" content=\"Nuestra historia - Il Pomo D&acute;oro\" \/>\n<meta property=\"og:description\" content=\"Rotating ImageRotating Icon\" \/>\n<meta property=\"og:url\" content=\"https:\/\/ilpomodoro.es\/en\/nuestra-historia\/\" \/>\n<meta property=\"og:site_name\" content=\"Il Pomo D&acute;oro\" \/>\n<meta property=\"article:publisher\" content=\"https:\/\/www.facebook.com\/ilpomodoromadrid\" \/>\n<meta property=\"article:modified_time\" content=\"2024-11-26T14:34:55+00:00\" \/>\n<meta name=\"twitter:card\" content=\"summary_large_image\" \/>\n<meta name=\"twitter:label1\" content=\"Estimated reading time\" \/>\n\t<meta name=\"twitter:data1\" content=\"4 minutes\" \/>\n<script type=\"application\/ld+json\" class=\"yoast-schema-graph\">{\"@context\":\"https:\/\/schema.org\",\"@graph\":[{\"@type\":\"WebPage\",\"@id\":\"https:\/\/ilpomodoro.es\/nuestra-historia\/\",\"url\":\"https:\/\/ilpomodoro.es\/nuestra-historia\/\",\"name\":\"Nuestra historia - Il Pomo D&acute;oro\",\"isPartOf\":{\"@id\":\"https:\/\/ilpomodoro.es\/#website\"},\"datePublished\":\"2024-11-26T14:20:30+00:00\",\"dateModified\":\"2024-11-26T14:34:55+00:00\",\"breadcrumb\":{\"@id\":\"https:\/\/ilpomodoro.es\/nuestra-historia\/#breadcrumb\"},\"inLanguage\":\"en-GB\",\"potentialAction\":[{\"@type\":\"ReadAction\",\"target\":[\"https:\/\/ilpomodoro.es\/nuestra-historia\/\"]}]},{\"@type\":\"BreadcrumbList\",\"@id\":\"https:\/\/ilpomodoro.es\/nuestra-historia\/#breadcrumb\",\"itemListElement\":[{\"@type\":\"ListItem\",\"position\":1,\"name\":\"Portada\",\"item\":\"https:\/\/ilpomodoro.es\/\"},{\"@type\":\"ListItem\",\"position\":2,\"name\":\"Nuestra historia\"}]},{\"@type\":\"WebSite\",\"@id\":\"https:\/\/ilpomodoro.es\/#website\",\"url\":\"https:\/\/ilpomodoro.es\/\",\"name\":\"Il Pomo D\u00b4oro\",\"description\":\"Trattoria y Pizzer&iacute;a en La Peseta Madrid\",\"publisher\":{\"@id\":\"https:\/\/ilpomodoro.es\/#organization\"},\"potentialAction\":[{\"@type\":\"SearchAction\",\"target\":{\"@type\":\"EntryPoint\",\"urlTemplate\":\"https:\/\/ilpomodoro.es\/?s={search_term_string}\"},\"query-input\":{\"@type\":\"PropertyValueSpecification\",\"valueRequired\":true,\"valueName\":\"search_term_string\"}}],\"inLanguage\":\"en-GB\"},{\"@type\":\"Organization\",\"@id\":\"https:\/\/ilpomodoro.es\/#organization\",\"name\":\"Il Pomo D\u00b4oro\",\"url\":\"https:\/\/ilpomodoro.es\/\",\"logo\":{\"@type\":\"ImageObject\",\"inLanguage\":\"en-GB\",\"@id\":\"https:\/\/ilpomodoro.es\/#\/schema\/logo\/image\/\",\"url\":\"https:\/\/ilpomodoro.es\/wp-content\/uploads\/2024\/11\/Logo.png\",\"contentUrl\":\"https:\/\/ilpomodoro.es\/wp-content\/uploads\/2024\/11\/Logo.png\",\"width\":478,\"height\":85,\"caption\":\"Il Pomo D\u00b4oro\"},\"image\":{\"@id\":\"https:\/\/ilpomodoro.es\/#\/schema\/logo\/image\/\"},\"sameAs\":[\"https:\/\/www.facebook.com\/ilpomodoromadrid\"]}]}<\/script>\n<!-- \/ Yoast SEO plugin. -->","yoast_head_json":{"title":"Nuestra historia - Il Pomo D&acute;oro","robots":{"index":"index","follow":"follow","max-snippet":"max-snippet:-1","max-image-preview":"max-image-preview:large","max-video-preview":"max-video-preview:-1"},"canonical":"https:\/\/ilpomodoro.es\/en\/nuestra-historia\/","og_locale":"en_GB","og_type":"article","og_title":"Nuestra historia - Il Pomo D&acute;oro","og_description":"Rotating ImageRotating Icon","og_url":"https:\/\/ilpomodoro.es\/en\/nuestra-historia\/","og_site_name":"Il Pomo D&acute;oro","article_publisher":"https:\/\/www.facebook.com\/ilpomodoromadrid","article_modified_time":"2024-11-26T14:34:55+00:00","twitter_card":"summary_large_image","twitter_misc":{"Estimated reading time":"4 minutes"},"schema":{"@context":"https:\/\/schema.org","@graph":[{"@type":"WebPage","@id":"https:\/\/ilpomodoro.es\/nuestra-historia\/","url":"https:\/\/ilpomodoro.es\/nuestra-historia\/","name":"Nuestra historia - Il Pomo D&acute;oro","isPartOf":{"@id":"https:\/\/ilpomodoro.es\/#website"},"datePublished":"2024-11-26T14:20:30+00:00","dateModified":"2024-11-26T14:34:55+00:00","breadcrumb":{"@id":"https:\/\/ilpomodoro.es\/nuestra-historia\/#breadcrumb"},"inLanguage":"en-GB","potentialAction":[{"@type":"ReadAction","target":["https:\/\/ilpomodoro.es\/nuestra-historia\/"]}]},{"@type":"BreadcrumbList","@id":"https:\/\/ilpomodoro.es\/nuestra-historia\/#breadcrumb","itemListElement":[{"@type":"ListItem","position":1,"name":"Portada","item":"https:\/\/ilpomodoro.es\/"},{"@type":"ListItem","position":2,"name":"Nuestra historia"}]},{"@type":"WebSite","@id":"https:\/\/ilpomodoro.es\/#website","url":"https:\/\/ilpomodoro.es\/","name":"Il Pomo D\u00b4oro","description":"Trattoria y Pizzer&iacute;a en La Peseta Madrid","publisher":{"@id":"https:\/\/ilpomodoro.es\/#organization"},"potentialAction":[{"@type":"SearchAction","target":{"@type":"EntryPoint","urlTemplate":"https:\/\/ilpomodoro.es\/?s={search_term_string}"},"query-input":{"@type":"PropertyValueSpecification","valueRequired":true,"valueName":"search_term_string"}}],"inLanguage":"en-GB"},{"@type":"Organization","@id":"https:\/\/ilpomodoro.es\/#organization","name":"Il Pomo D\u00b4oro","url":"https:\/\/ilpomodoro.es\/","logo":{"@type":"ImageObject","inLanguage":"en-GB","@id":"https:\/\/ilpomodoro.es\/#\/schema\/logo\/image\/","url":"https:\/\/ilpomodoro.es\/wp-content\/uploads\/2024\/11\/Logo.png","contentUrl":"https:\/\/ilpomodoro.es\/wp-content\/uploads\/2024\/11\/Logo.png","width":478,"height":85,"caption":"Il Pomo D\u00b4oro"},"image":{"@id":"https:\/\/ilpomodoro.es\/#\/schema\/logo\/image\/"},"sameAs":["https:\/\/www.facebook.com\/ilpomodoromadrid"]}]}},"_links":{"self":[{"href":"https:\/\/ilpomodoro.es\/en\/wp-json\/wp\/v2\/pages\/267","targetHints":{"allow":["GET"]}}],"collection":[{"href":"https:\/\/ilpomodoro.es\/en\/wp-json\/wp\/v2\/pages"}],"about":[{"href":"https:\/\/ilpomodoro.es\/en\/wp-json\/wp\/v2\/types\/page"}],"author":[{"embeddable":true,"href":"https:\/\/ilpomodoro.es\/en\/wp-json\/wp\/v2\/users\/2"}],"replies":[{"embeddable":true,"href":"https:\/\/ilpomodoro.es\/en\/wp-json\/wp\/v2\/comments?post=267"}],"version-history":[{"count":6,"href":"https:\/\/ilpomodoro.es\/en\/wp-json\/wp\/v2\/pages\/267\/revisions"}],"predecessor-version":[{"id":276,"href":"https:\/\/ilpomodoro.es\/en\/wp-json\/wp\/v2\/pages\/267\/revisions\/276"}],"wp:attachment":[{"href":"https:\/\/ilpomodoro.es\/en\/wp-json\/wp\/v2\/media?parent=267"}],"curies":[{"name":"wp","href":"https:\/\/api.w.org\/{rel}","templated":true}]}}